{"id":6,"date":"2019-07-25T17:36:36","date_gmt":"2019-07-25T17:36:36","guid":{"rendered":"https:\/\/denke-schenke.de\/Missionsschule\/?page_id=6"},"modified":"2021-12-01T16:47:11","modified_gmt":"2021-12-01T16:47:11","slug":"startseite","status":"publish","type":"page","link":"https:\/\/denke-schenke.de\/Missionsschule\/","title":{"rendered":"Startseite"},"content":{"rendered":"\n<p>Angefangen habe ich diesen Blog 2019 als ich mich auf den Weg zur Matteson Missionsschule gemacht habe. Warum ich mich daf\u00fcr entschieden habe findet ihr <a href=\"https:\/\/denke-schenke.de\/Missionsschule\/wieso-geht-ich-zur-missionsschule\/\">hier in meinen Beitrag.<\/a><br>Mit dem Jahr als Sch\u00fcler ist der Weg aber noch nicht zu Ende. Das folgende Jahr habe ich dort als Haushaltsmanager gearbeitet, wie in <a href=\"https:\/\/denke-schenke.de\/Missionsschule\/arbeitenanschule\/\">diesen Beitrag beschrieben.<\/a> <br>Doch auch dann geht der Weg immer weiter, und Gott allein wei\u00df, wo er mich noch hinf\u00fchrt. Der Bereich hei\u00dft aber &#8222;Missionsschule&#8220;, weil ich damit angefangen habe. Fortan werde ich aber allgemein \u00fcber Themen schreiben, die mein Glauben, mein Lebensweg, meine Kriesen, Schwierigkeiten und (hoffentlich) deren L\u00f6sungen betreffen.<\/p>\n\n\n\n<p>Dieser Bereich ist Teil meines Blog, der <a href=\"http:\/\/www.denke-schenke.de\">Denke-Schenke<\/a>. Dort findet ihr weitere Beitr\u00e4ge auch zu anderen Themen.<\/p>\n\n\n<div id=\"pl-gb6-69dc197eb6e37\"  class=\"panel-layout\" ><div id=\"pg-gb6-69dc197eb6e37-0\"  class=\"panel-grid panel-no-style\" ><div id=\"pgc-gb6-69dc197eb6e37-0-0\"  class=\"panel-grid-cell\"  data-weight=\"1\" >\n\t\t<div id=\"panel-gb6-69dc197eb6e37-0-0-0\" class=\"so-panel widget widget_recent-posts widget_recent_entries panel-first-child panel-last-child\" data-index=\"0\" data-style=\"{&quot;background_image_attachment&quot;:false,&quot;background_display&quot;:&quot;tile&quot;}\" >\n\t\t<h3 class=\"widget-title\">Meine letzten drei Beitr\u00e4ge:<\/h3>\n\t\t<ul>\n\t\t\t\t\t\t\t\t\t\t\t<li>\n\t\t\t\t\t<a href=\"https:\/\/denke-schenke.de\/Missionsschule\/gedankenbilder\/\">Gesch\u00fctzt: Gedankenbilder<\/a>\n\t\t\t\t\t\t\t\t\t\t\t<span class=\"post-date\">12. M\u00e4rz 2024<\/span>\n\t\t\t\t\t\t\t\t\t<\/li>\n\t\t\t\t\t\t\t\t\t\t\t<li>\n\t\t\t\t\t<a href=\"https:\/\/denke-schenke.de\/Missionsschule\/weiter-ziehen\/\">Weiter ziehen<\/a>\n\t\t\t\t\t\t\t\t\t\t\t<span class=\"post-date\">14. August 2022<\/span>\n\t\t\t\t\t\t\t\t\t<\/li>\n\t\t\t\t\t\t\t\t\t\t\t<li>\n\t\t\t\t\t<a href=\"https:\/\/denke-schenke.de\/Missionsschule\/wer-will-ich-sein-1\/\">Gesch\u00fctzt: Wer will ich sein? #1<\/a>\n\t\t\t\t\t\t\t\t\t\t\t<span class=\"post-date\">23. Mai 2022<\/span>\n\t\t\t\t\t\t\t\t\t<\/li>\n\t\t\t\t\t<\/ul>\n\n\t\t<\/div><\/div><\/div><\/div>\n\n\n<h3 class=\"wp-block-heading\">Warum Ich Glaube:<\/h3>\n\n\n\n<p>In den letzten Jahren ist es mir immer wichtiger geworden etwas sinnvolles und f\u00fcr andere Menschen gewinnbringendes zu machen. Manchmal, wenn ich als Postbote Menschen begegnet bin und sie mir von ihren Schwierigkeiten erz\u00e4hlten, dann h\u00e4tte ich gerne geholfen. Aber der einzige Weg, wie ich ihnen wirklich helfen kann, ist den Weg zur Erl\u00f6sung durch Jesus Christus zu zeigen.<br>Diesen Weg m\u00f6chte ich kennen lernen und dazu bef\u00e4higt werden andere auf diesen Weg zu f\u00fchren und begleiten. Das gelingt nur mit einer lebendigen Beziehung zu Jesus, wie zu einen Freund. Es kommt dort auch zu Schwierigkeiten, Engp\u00e4ssen und Herausforderungen, aber die Liebe Gottes ist so gro\u00df und gewaltig, dass ich manchmal nur staunen kann. Manchmal ist es aber auch so fordernd, dass ich nur weinen kann.<br>Wenn du mich durch meine Emotionen begleiten m\u00f6chtest, dann st\u00f6ber gerne in meinen Beitr\u00e4gen.<\/p>\n\n\n\n<p><\/p>\n","protected":false},"excerpt":{"rendered":"<p>Angefangen habe ich diesen Blog 2019 als ich mich auf den Weg zur Matteson Missionsschule gemacht habe. Warum ich mich daf\u00fcr entschieden habe findet ihr hier in meinen Beitrag.Mit dem Jahr als Sch\u00fcler ist der Weg aber noch nicht zu Ende. Das folgende Jahr habe ich dort als Haushaltsmanager gearbeitet, wie in diesen Beitrag beschrieben. Doch auch dann geht der Weg immer weiter, und Gott allein wei\u00df, wo er mich noch hinf\u00fchrt. Der Bereich hei\u00dft aber &#8222;Missionsschule&#8220;, weil ich damit&#8230;<\/p>\n<p class=\"read-more\"><a class=\"btn btn-default\" href=\"https:\/\/denke-schenke.de\/Missionsschule\/\">Weiterlesen<span class=\"screen-reader-text\"> Weiterlesen<\/span><\/a><\/p>\n","protected":false},"author":1,"featured_media":0,"parent":0,"menu_order":0,"comment_status":"closed","ping_status":"closed","template":"","meta":{"footnotes":""},"class_list":["post-6","page","type-page","status-publish","hentry"],"post_mailing_queue_ids":[],"_links":{"self":[{"href":"https:\/\/denke-schenke.de\/Missionsschule\/wp-json\/wp\/v2\/pages\/6"}],"collection":[{"href":"https:\/\/denke-schenke.de\/Missionsschule\/wp-json\/wp\/v2\/pages"}],"about":[{"href":"https:\/\/denke-schenke.de\/Missionsschule\/wp-json\/wp\/v2\/types\/page"}],"author":[{"embeddable":true,"href":"https:\/\/denke-schenke.de\/Missionsschule\/wp-json\/wp\/v2\/users\/1"}],"replies":[{"embeddable":true,"href":"https:\/\/denke-schenke.de\/Missionsschule\/wp-json\/wp\/v2\/comments?post=6"}],"version-history":[{"count":18,"href":"https:\/\/denke-schenke.de\/Missionsschule\/wp-json\/wp\/v2\/pages\/6\/revisions"}],"predecessor-version":[{"id":766,"href":"https:\/\/denke-schenke.de\/Missionsschule\/wp-json\/wp\/v2\/pages\/6\/revisions\/766"}],"wp:attachment":[{"href":"https:\/\/denke-schenke.de\/Missionsschule\/wp-json\/wp\/v2\/media?parent=6"}],"curies":[{"name":"wp","href":"https:\/\/api.w.org\/{rel}","templated":true}]}}