{"id":90,"date":"2019-07-30T10:50:04","date_gmt":"2019-07-30T10:50:04","guid":{"rendered":"https:\/\/denke-schenke.de\/Missionsschule\/?page_id=90"},"modified":"2019-07-30T10:50:04","modified_gmt":"2019-07-30T10:50:04","slug":"impressum","status":"publish","type":"page","link":"https:\/\/denke-schenke.de\/Missionsschule\/impressum\/","title":{"rendered":"Impressum"},"content":{"rendered":"<p>Dieser Blog ist ein Unterbereich des Blogs <a href=\"http:\/\/www.denke-schenke.de\">www.denke-schenke.de<\/a><br \/>\nSiehe dort den Bereich der <a href=\"https:\/\/denke-schenke.de\/id\/\">Datenschutzerkl\u00e4rung<\/a> f\u00fcr ausf\u00fchrliche Informationen:<\/p>\n<h2>Impressum<\/h2>\n<p>Diese Seite wird privat erstellt und verwaltet von:<\/p>\n<p>Zacharias Jurke<br \/>\nPotsdamer Allee 10<br \/>\n14552 Michendorf<br \/>\nDeutschland<\/p>\n<p>e-Mail: zjurke@web.de<br \/>\nmobil: +49 (0) 176 40218544<\/p>\n<p>&nbsp;<\/p>\n<h2>Haftung<\/h2>\n<p>Ich bin als Inhaber der Seite verantwortlich. Allerdings muss ich nicht st\u00e4ndig Inhalte von anderen Personen \u00fcberwachen. Eine Haftung gegen\u00fcber&nbsp; m\u00f6glicher Rechtsverletzung tritt erst ab den Zeitpunkt der Kenntnisnahme in Kraft.<br \/>\nDies gilt besonders f\u00fcr Links zu externen Seiten. Auf den Inhalt externer Seiten habe ich keinen Einfluss und kann ggf. den Link entfernen.<\/p>\n<h2>Urheberrecht<\/h2>\n<p>Alles, was auf dieser Website in Wort, Bild und Ton dargestellt wird unterliegt den deutschen Urheberrecht. Die Vervielf\u00e4ltigung, Bearbeitung, Verbreitung und jede Art der Verwertung au\u00dferhalb der Grenzen des Urheberrechtes bed\u00fcrfen der schriftlichen Zustimmung des jeweiligen Autors bzw. Erstellers. Downloads und Kopien dieser Seite sind nur f\u00fcr den privaten, nicht kommerziellen Gebrauch gestattet.<\/p>\n<h2>Datenschutz<\/h2>\n<p><strong>SSL-Verschl\u00fcsselung (https)<\/strong>: Um die \u00fcbermittelten Daten zu sch\u00fctzen, nutze ich eine SSL-Verschl\u00fcsselung. Sie erkennen derart verschl\u00fcsselte Verbindungen an dem Pr\u00e4fix https:\/\/ in der Adresszeile Ihres Browsers.<\/p>\n<p><strong>Newsletter<\/strong>: Ich nutze ein Plugin f\u00fcr die Newsletter: <a href=\"https:\/\/denke-schenke.de\/Missionsschule\/wp-admin\/plugin-install.php?tab=plugin-information&amp;plugin=email-subscribers&amp;TB_iframe=true&amp;width=600&amp;height=550\">&#8222;Email Subscribors &amp; Newsletter&#8220;<\/a> welches f\u00fcr mich die Newsletter versendet. Ich kann nicht genau sagen wie die Daten da verarbeitet werden. Wenn Ihr den Newsletter abbestellen wollt, klickt auf den Link in der erhaltenen Email. Dann werden alle pers\u00f6nlichen Daten diesbez\u00fcglich unwiderruflich gel\u00f6scht.<\/p>\n<p><strong>Hosting<\/strong>: Die Website wird von der Firma <a href=\"https:\/\/www.lansol.de\/\">Lansol<\/a> gehostet.<\/p>\n<p><strong>Abruf von WordPress-Emojis und -Smilies<\/strong>:&nbsp; Es ist m\u00f6glich auf Emojis (bzw. Smilies), zur\u00fcck zu greifen, die von externen Servern bezogen werden. Hierbei erheben die Anbieter der Server, die IP-Adressen der Nutzer. Dies ist notwendig, damit die Emoji-Dateien an die Browser der Nutzer \u00fcbermittelt werden k\u00f6nnen.<\/p>\n<p><strong>Akismet Anti-Spam-Pr\u00fcfung<\/strong>: Wir nutzen auf Grundlage unserer berechtigten Interessen den Dienst \u201eAkismet\u201c. Mit Hilfe von Akismet werden Kommentare echter Menschen von Spam-Kommentaren unterschieden. Dazu werden alle Kommentarangaben an einen Server in den USA verschickt, wo sie analysiert und f\u00fcr Vergleichszwecke vier Tage lang gespeichert werden. Ist ein Kommentar als Spam eingestuft worden, werden die Daten \u00fcber diese Zeit hinaus gespeichert. Zu diesen Angaben geh\u00f6ren der eingegebene Name, die Emailadresse, die IP-Adresse, der Kommentarinhalt, der Referrer, Angaben zum verwendeten Browser sowie dem Computersystem und die Zeit des Eintrags.<\/p>\n","protected":false},"excerpt":{"rendered":"<p>Dieser Blog ist ein Unterbereich des Blogs www.denke-schenke.de Siehe dort den Bereich der Datenschutzerkl\u00e4rung f\u00fcr ausf\u00fchrliche Informationen: Impressum Diese Seite wird privat erstellt und verwaltet von: Zacharias Jurke Potsdamer Allee 10 14552 Michendorf Deutschland e-Mail: zjurke@web.de mobil: +49 (0) 176 40218544 &nbsp; Haftung Ich bin als Inhaber der Seite verantwortlich. Allerdings muss ich nicht st\u00e4ndig Inhalte von anderen Personen \u00fcberwachen. Eine Haftung gegen\u00fcber&nbsp; m\u00f6glicher Rechtsverletzung tritt erst ab den Zeitpunkt der Kenntnisnahme in Kraft. Dies gilt besonders f\u00fcr Links zu&#8230;<\/p>\n<p class=\"read-more\"><a class=\"btn btn-default\" href=\"https:\/\/denke-schenke.de\/Missionsschule\/impressum\/\">Weiterlesen<span class=\"screen-reader-text\"> Weiterlesen<\/span><\/a><\/p>\n","protected":false},"author":1,"featured_media":0,"parent":0,"menu_order":0,"comment_status":"closed","ping_status":"closed","template":"","meta":{"footnotes":""},"class_list":["post-90","page","type-page","status-publish","hentry"],"post_mailing_queue_ids":[],"_links":{"self":[{"href":"https:\/\/denke-schenke.de\/Missionsschule\/wp-json\/wp\/v2\/pages\/90"}],"collection":[{"href":"https:\/\/denke-schenke.de\/Missionsschule\/wp-json\/wp\/v2\/pages"}],"about":[{"href":"https:\/\/denke-schenke.de\/Missionsschule\/wp-json\/wp\/v2\/types\/page"}],"author":[{"embeddable":true,"href":"https:\/\/denke-schenke.de\/Missionsschule\/wp-json\/wp\/v2\/users\/1"}],"replies":[{"embeddable":true,"href":"https:\/\/denke-schenke.de\/Missionsschule\/wp-json\/wp\/v2\/comments?post=90"}],"version-history":[{"count":2,"href":"https:\/\/denke-schenke.de\/Missionsschule\/wp-json\/wp\/v2\/pages\/90\/revisions"}],"predecessor-version":[{"id":93,"href":"https:\/\/denke-schenke.de\/Missionsschule\/wp-json\/wp\/v2\/pages\/90\/revisions\/93"}],"wp:attachment":[{"href":"https:\/\/denke-schenke.de\/Missionsschule\/wp-json\/wp\/v2\/media?parent=90"}],"curies":[{"name":"wp","href":"https:\/\/api.w.org\/{rel}","templated":true}]}}